{"id":230,"date":"2019-03-01T10:05:51","date_gmt":"2019-03-01T09:05:51","guid":{"rendered":"http:\/\/www.bielsaruano.com\/product\/music-de-carrer\/"},"modified":"2026-04-24T16:14:04","modified_gmt":"2026-04-24T14:14:04","slug":"music-de-carrer-2","status":"publish","type":"product","link":"https:\/\/www.bielsaruano.com\/es\/product\/music-de-carrer-2\/","title":{"rendered":"M\u00fasic de Carrer Blanco 2024(ECO)"},"content":{"rendered":"","protected":false},"excerpt":{"rendered":"<p><strong>Tipo de Vino:<\/strong> Blanco 2021<\/p>\n<p><strong>Variedades<\/strong>: Garnacha Blanca.<\/p>\n<p><strong>Envejecido: <\/strong>3 Meses en roble franc\u00e9s.<\/p>\n<p><strong>Vi\u00f1as:<\/strong> Termin\u00f3 Municipal de Batea, viticultura de secano, sostenible y respetuosa con el territorio.<\/p>\n<p><strong>Cosecha:<\/strong> Manual y con palotes de 300 Kg.<\/p>\n<p><strong>Elaboraci\u00f3n:<\/strong> Vilalba dels Arcs, DO Terra Alta. La uva fue prensada, el mosto desfangado est\u00e1ticamente y fermentado a muy baja temperatura durante 30 d\u00edas con levaduras seleccionadas. Envejecido durante 3 meses en barrica de roble Franc\u00e9s con sus l\u00edas. Posteriormente, ha sido filtrado y embotellado para conservar todos sus aromas y sabores.<\/p>\n<p><strong>Alcohol: <\/strong>13,5%<\/p>\n<p><strong>Temperatura de servici\u00f3:<\/strong> 12-14\u00ba<\/p>\n<p><strong>En\u00f3logo:<\/strong> Joaquim Bielsa Ferr\u00fas<\/p>\n<p><strong>Nota de Cata: <\/strong>Color amarillo verdoso, suave, con aromas a frutas blancas como la pera y notas de especies y soto bosque. En boca, tiene un paso elegante y voluminoso, muy sedoso y untuoso con un posgusto largo y muy buena estructura que denota un vino con much\u00edsima complexidad debido a su paso por barrica. Un vino para disfrutar hasta que la m\u00fasica se termine.<\/p>\n","protected":false},"featured_media":640,"template":"","meta":{"_acf_changed":false},"product_brand":[],"product_cat":[30],"product_tag":[],"class_list":{"0":"post-230","1":"product","2":"type-product","3":"status-publish","4":"has-post-thumbnail","6":"product_cat-vi-es","8":"first","9":"instock","10":"shipping-taxable","11":"purchasable","12":"product-type-simple"},"acf":[],"_links":{"self":[{"href":"https:\/\/www.bielsaruano.com\/es\/wp-json\/wp\/v2\/product\/230","targetHints":{"allow":["GET"]}}],"collection":[{"href":"https:\/\/www.bielsaruano.com\/es\/wp-json\/wp\/v2\/product"}],"about":[{"href":"https:\/\/www.bielsaruano.com\/es\/wp-json\/wp\/v2\/types\/product"}],"wp:featuredmedia":[{"embeddable":true,"href":"https:\/\/www.bielsaruano.com\/es\/wp-json\/wp\/v2\/media\/640"}],"wp:attachment":[{"href":"https:\/\/www.bielsaruano.com\/es\/wp-json\/wp\/v2\/media?parent=230"}],"wp:term":[{"taxonomy":"product_brand","embeddable":true,"href":"https:\/\/www.bielsaruano.com\/es\/wp-json\/wp\/v2\/product_brand?post=230"},{"taxonomy":"product_cat","embeddable":true,"href":"https:\/\/www.bielsaruano.com\/es\/wp-json\/wp\/v2\/product_cat?post=230"},{"taxonomy":"product_tag","embeddable":true,"href":"https:\/\/www.bielsaruano.com\/es\/wp-json\/wp\/v2\/product_tag?post=230"}],"curies":[{"name":"wp","href":"https:\/\/api.w.org\/{rel}","templated":true}]}}